{"id":138,"date":"2018-05-18T17:47:45","date_gmt":"2018-05-18T14:47:45","guid":{"rendered":"https:\/\/e-mappi.fi\/?page_id=138"},"modified":"2018-05-18T17:56:48","modified_gmt":"2018-05-18T14:56:48","slug":"henkilotietojen-kasittely","status":"publish","type":"page","link":"https:\/\/e-mappi.fi\/?page_id=138","title":{"rendered":"HENKIL\u00d6TIETOJEN K\u00c4SITTELY"},"content":{"rendered":"<h5 class=\"western\"><span style=\"font-family: Arial, serif;\"><span style=\"font-size: medium;\">Tietosuoja \/ GDPR<\/span><\/span><\/h5>\n<h5 class=\"western\"><span style=\"font-family: Arial, serif;\"><span style=\"font-size: medium;\">Lyhyesti EU:n tietosuoja-asetuksesta<\/span><\/span><\/h5>\n<p class=\"western\"><span style=\"font-family: Arial, serif;\"><span style=\"font-size: medium;\">Tietosuoja-asetus pit\u00e4\u00e4 sis\u00e4ll\u00e4\u00e4n uusia tietosuojaa ja henkil\u00f6tietojen k\u00e4sittely\u00e4 koskevia velvoitteita. Olennaista uudessa tietosuoja-asetuksessa on riskiperusteinen l\u00e4hestymistapa sek\u00e4 rekisterinpit\u00e4j\u00e4n osoitusvelvollisuus. Rekisterinpit\u00e4j\u00e4lt\u00e4 vaaditaan erityist\u00e4 huolellisuutta k\u00e4sitelt\u00e4ess\u00e4 arkaluontoisia tietoja. Rekisterinpit\u00e4j\u00e4n on pystytt\u00e4v\u00e4 osoittamaan, ett\u00e4 se toimii asetuksen mukaisesti.<\/span><\/span><\/p>\n<p class=\"western\"><span style=\"font-family: Arial, serif;\"><span style=\"font-size: medium;\">Lis\u00e4tietoja tietosuoja-asetuksesta l\u00f6ytyy Tietosuojavaltuutetun toimiston sivustolta.<\/span><\/span><\/p>\n<h5 class=\"western\"><span style=\"font-family: Arial, serif;\"><span style=\"font-size: medium;\">Tilitoimisto eMappi henkil\u00f6tietojen k\u00e4sittelij\u00e4n\u00e4<\/span><\/span><\/h5>\n<p class=\"western\"><span style=\"font-family: Arial, serif;\"><span style=\"font-size: medium;\">Tietoturva tilitoimistossa varmistetaan sek\u00e4 teknisin ett\u00e4 organisatorisin toimenpitein. Henkil\u00f6tietojen k\u00e4sittely toteutetaan asianmukaisesti ja tietoturvallisesti. <\/span><\/span><\/p>\n<h5 class=\"western\"><span style=\"font-family: Arial, serif;\"><span style=\"font-size: medium;\">Tilitoimisto eMapissa k\u00e4yt\u00f6ss\u00e4 olevat ohjelmistot<\/span><\/span><\/h5>\n<p class=\"western\"><span style=\"font-family: Arial, serif;\"><span style=\"font-size: medium;\">Tilitoimistos eMapin k\u00e4yt\u00f6ss\u00e4 olevat ohjelmistot ja niist\u00e4 vastaavat ohjelmantoimittajat ovat osaltaan henkil\u00f6tietojen k\u00e4sittelij\u00f6it\u00e4. Linkki ohjelmistotoimittajan tietosuojaa koskeville sivulle: <\/span><\/span><a href=\"https:\/\/www.visma.fi\/yksityisyydensuoja\/etusivu\/\"><span style=\"color: #0000ff;\"><span style=\"font-family: Arial, serif;\"><span style=\"font-size: medium;\"><u>Visman yksityisyydensuoja \u2013sivut <\/u><\/span><\/span><\/span><\/a><span style=\"font-family: Arial, serif;\"><span style=\"font-size: medium;\">(Visma Fivaldi)<\/span><\/span><\/p>\n<h5 class=\"western\"><span style=\"font-family: Arial, serif;\"><span style=\"font-size: medium;\">Henkil\u00f6tietojen k\u00e4sittelyn kesto <\/span><\/span><\/h5>\n<p class=\"western\"><span style=\"font-family: Arial, serif;\"><span style=\"font-size: medium;\">Elleiv\u00e4t osapuolet ole toisin sopineet, henkil\u00f6tietoja k\u00e4sitell\u00e4\u00e4n niin pitk\u00e4n kuin<br \/>\npalveluita toimitetaan toimeksiantosopimuksen mukaisesti tai lains\u00e4\u00e4d\u00e4nt\u00f6 edellytt\u00e4\u00e4<br \/>\ntietojen s\u00e4ilytt\u00e4mist\u00e4.<\/span><\/span><\/p>\n<p class=\"western\"><span style=\"font-family: Arial, serif;\"><span style=\"font-size: medium;\">Lains\u00e4\u00e4d\u00e4nn\u00f6n edellytt\u00e4m\u00e4n s\u00e4ilytysajan j\u00e4lkeen tilitoimistolla on oikeus ja velvollisuus h\u00e4vitt\u00e4\u00e4 tiedot.<\/span><\/span><\/p>\n<h5 class=\"western\"><span style=\"font-family: Arial, serif;\"><span style=\"font-size: medium;\">Henkil\u00f6tietojen maantieteellinen sijainti<\/span><\/span><\/h5>\n<p class=\"western\"><span style=\"font-family: Arial, serif;\"><span style=\"font-size: medium;\">Tilitoimisto k\u00e4sittelee henkil\u00f6tietoja ainoastaan vain Suomessa ja muissa EU\/ ETA-maissa. <\/span><\/span><\/p>\n<h5 class=\"western\"><span style=\"font-family: Arial, serif;\"><span style=\"font-size: medium;\">Tarkastusoikeus<\/span><\/span><\/h5>\n<p class=\"western\"><span style=\"font-family: Arial, serif;\"><span style=\"font-size: medium;\">Henkil\u00f6tietojen tarkastuspyynt\u00f6 tulee tehd\u00e4 tilitoimistoon Sari Varjoselle sari.varjonen (at ) e-mappi.fi tai Lintukuja 5, 09810 Nummi. Tarkastuspyynn\u00f6n yhteydess\u00e4 tarkastamme pyyt\u00e4j\u00e4n henkil\u00f6llisyyden, joten vauraudu esitt\u00e4m\u00e4\u00e4n henkil\u00f6llisyystodistus. <\/span><\/span><\/p>\n<p class=\"western\"><span style=\"font-family: Arial, serif;\"><span style=\"font-size: medium;\">Lis\u00e4tietoja tarkastusoikeudesta: <a href=\"http:\/\/www.tietosuoja.fi\/fi\/index\/euntietosuojauudistus.html\">http:\/\/www.tietosuoja.fi\/fi\/index\/euntietosuojauudistus.html<\/a><\/span><\/span><\/p>\n<h5 class=\"western\"><span style=\"font-family: Arial, serif;\"><span style=\"font-size: medium;\">Oikeus vaatia tiedon korjaamista<\/span><\/span><\/h5>\n<p class=\"western\"><span style=\"font-family: Arial, serif;\"><span style=\"font-size: medium;\">Jokaisella on oikeus vaatia henkil\u00f6rekisteriss\u00e4 olevan virheellisen <\/span><\/span><\/p>\n<p class=\"western\"><span style=\"font-family: Arial, serif;\"><span style=\"font-size: medium;\">tiedon korjaamista. Pyynt\u00f6 tulee tehd\u00e4 kirjallisesti Sari Varjoselle: sari.varjonen (at) e-mappi.fi tai Lintukuja 5, 09810 Nummi<\/span><\/span><\/p>\n<p class=\"western\"><span style=\"font-family: Arial, serif;\"><span style=\"font-size: medium;\">Lis\u00e4tietoja tiedon korjaamisesta:\u00a0<a href=\"http:\/\/www.tietosuoja.fi\/fi\/index\/euntietosuojauudistus.html\">http:\/\/www.tietosuoja.fi\/fi\/index\/euntietosuojauudistus.html<\/a><\/span><\/span><\/p>\n<h5 class=\"western\"><span style=\"font-family: Arial, serif;\"><span style=\"font-size: medium;\">Tietojen luovutukset<\/span><\/span><\/h5>\n<p class=\"western\"><span style=\"font-family: Arial, serif;\"><span style=\"font-size: medium;\">Tilitoimisto saa luovuttaa tietoja asiakkaan puolesta palvelun edellytt\u00e4mille tahoille mukaan lukien asiakkaan yhteisty\u00f6kumppanit, joilla on lakiin perustuva oikeus saada tietoja, sek\u00e4 viranomaiset. <\/span><\/span><span style=\"font-family: Arial, serif;\"><span style=\"font-size: medium;\">Tilitoimisto ei luovuta henkil\u00f6tietoja lakis\u00e4\u00e4teisten luovutusten lis\u00e4ksi muille kolmansille osapuolille ilman henkil\u00f6n lupaa\/pyynt\u00f6\u00e4. <\/span><\/span><\/p>\n<p class=\"western\"><span style=\"font-family: Arial, serif;\"><span style=\"font-size: medium;\">Tilitoimisto voi k\u00e4sitell\u00e4 tietoja anonymisoituna asiakaspalvelun kehitt\u00e4miseen ja tietojen tuottamiseen asiakkaille sek\u00e4 luovuttaa tietoja anonymisoituna viranomaisille (esimerkiksi Tilastokeskus) n\u00e4iden lakiin perustuvan oikeuden nojalla. <\/span><\/span><\/p>\n","protected":false},"excerpt":{"rendered":"<p>Tietosuoja \/ GDPR Lyhyesti EU:n tietosuoja-asetuksesta Tietosuoja-asetus pit\u00e4\u00e4 sis\u00e4ll\u00e4\u00e4n uusia tietosuojaa ja henkil\u00f6tietojen k\u00e4sittely\u00e4 koskevia velvoitteita. Olennaista uudessa tietosuoja-asetuksessa on riskiperusteinen l\u00e4hestymistapa sek\u00e4 rekisterinpit\u00e4j\u00e4n osoitusvelvollisuus.&#8230;<\/p>\n<div class=\"more-link-wrapper\"><a class=\"more-link\" href=\"https:\/\/e-mappi.fi\/?page_id=138\">Continue reading<span class=\"screen-reader-text\">HENKIL\u00d6TIETOJEN K\u00c4SITTELY<\/span><\/a><\/div>\n","protected":false},"author":2,"featured_media":0,"parent":0,"menu_order":0,"comment_status":"closed","ping_status":"closed","template":"","meta":{"footnotes":""},"class_list":["post-138","page","type-page","status-publish","hentry","entry"],"_links":{"self":[{"href":"https:\/\/e-mappi.fi\/index.php?rest_route=\/wp\/v2\/pages\/138","targetHints":{"allow":["GET"]}}],"collection":[{"href":"https:\/\/e-mappi.fi\/index.php?rest_route=\/wp\/v2\/pages"}],"about":[{"href":"https:\/\/e-mappi.fi\/index.php?rest_route=\/wp\/v2\/types\/page"}],"author":[{"embeddable":true,"href":"https:\/\/e-mappi.fi\/index.php?rest_route=\/wp\/v2\/users\/2"}],"replies":[{"embeddable":true,"href":"https:\/\/e-mappi.fi\/index.php?rest_route=%2Fwp%2Fv2%2Fcomments&post=138"}],"version-history":[{"count":6,"href":"https:\/\/e-mappi.fi\/index.php?rest_route=\/wp\/v2\/pages\/138\/revisions"}],"predecessor-version":[{"id":146,"href":"https:\/\/e-mappi.fi\/index.php?rest_route=\/wp\/v2\/pages\/138\/revisions\/146"}],"wp:attachment":[{"href":"https:\/\/e-mappi.fi\/index.php?rest_route=%2Fwp%2Fv2%2Fmedia&parent=138"}],"curies":[{"name":"wp","href":"https:\/\/api.w.org\/{rel}","templated":true}]}}