{"id":6,"date":"2016-02-15T13:14:53","date_gmt":"2016-02-15T11:14:53","guid":{"rendered":"https:\/\/e-mappi.fi\/?page_id=6"},"modified":"2025-08-26T10:41:15","modified_gmt":"2025-08-26T07:41:15","slug":"tilitoimisto-emappi","status":"publish","type":"page","link":"https:\/\/e-mappi.fi\/","title":{"rendered":"Tilitoimisto eMappi Oy"},"content":{"rendered":"<p style=\"text-align: center;\"><strong><span style=\"font-family: Arial,serif;\"><span style=\"font-size: medium;\">Kirjanpito- ja tilinp\u00e4\u00e4t\u00f6spalvelut<\/span><\/span><\/strong><\/p>\n<p style=\"text-align: center;\"><strong><span style=\"font-family: Arial,serif;\"><span style=\"font-size: medium;\">Palkanlaskenta<\/span><\/span><\/strong><\/p>\n<p style=\"text-align: center;\"><strong><span style=\"font-family: Arial,serif;\"><span style=\"font-size: medium;\">Yritysten veroilmoitukset ja verosuunnittelu<\/span><\/span><\/strong><\/p>\n<p style=\"text-align: center;\"><strong><span style=\"font-family: Arial,serif;\"><span style=\"font-size: medium;\">Yritysten perustaminen ja yritysmuodon muutokset<\/span><\/span><\/strong><\/p>\n<p style=\"text-align: center;\"><span style=\"font-family: Arial, serif;\"><span style=\"font-size: medium;\"><b>kts. <a href=\"https:\/\/e-mappi.fi\/?page_id=103\">Yhteystiedot<\/a><\/b><\/span><\/span><\/p>\n<p style=\"text-align: center;\"><img loading=\"lazy\" decoding=\"async\" class=\"alignnone wp-image-42\" src=\"https:\/\/e-mappi.fi\/wp-content\/uploads\/partnerlogo2-300x128.jpg\" alt=\"partnerlogo2\" width=\"187\" height=\"80\" srcset=\"https:\/\/e-mappi.fi\/wp-content\/uploads\/partnerlogo2-300x128.jpg 300w, https:\/\/e-mappi.fi\/wp-content\/uploads\/partnerlogo2-150x64.jpg 150w, https:\/\/e-mappi.fi\/wp-content\/uploads\/partnerlogo2.jpg 500w\" sizes=\"auto, (max-width: 187px) 100vw, 187px\" \/><\/p>\n<p>Yritt\u00e4j\u00e4n pikaohjeet : Fivaldi<\/p>\n<p>Allaolevista linkeist\u00e4 l\u00f6yd\u00e4t pikaohjeet Fivaldin k\u00e4ytt\u00f6\u00f6n.<\/p>\n<p>(Mik\u00e4li sinulta puuttuu oikeus johonkin ohjeissa mainittuun sovellukseen, olethan yhteydess\u00e4 Fivaldi-ymp\u00e4rist\u00f6nne p\u00e4\u00e4k\u00e4ytt\u00e4j\u00e4\u00e4n.)<\/p>\n<p><a href=\"https:\/\/support.fivaldi.fi\/support\/solutions\/articles\/77000566447-yritt%C3%A4j%C3%A4n-pikaohjeet\">https:\/\/support.fivaldi.fi\/support\/solutions\/articles\/77000566447-yritt%C3%A4j%C3%A4n-pikaohjeet<\/a><\/p>\n","protected":false},"excerpt":{"rendered":"<p>Kirjanpito- ja tilinp\u00e4\u00e4t\u00f6spalvelut Palkanlaskenta Yritysten veroilmoitukset ja verosuunnittelu Yritysten perustaminen ja yritysmuodon muutokset kts. Yhteystiedot Yritt\u00e4j\u00e4n pikaohjeet : Fivaldi Allaolevista linkeist\u00e4 l\u00f6yd\u00e4t pikaohjeet Fivaldin k\u00e4ytt\u00f6\u00f6n.&#8230;<\/p>\n<div class=\"more-link-wrapper\"><a class=\"more-link\" href=\"https:\/\/e-mappi.fi\/\">Continue reading<span class=\"screen-reader-text\">Tilitoimisto eMappi Oy<\/span><\/a><\/div>\n","protected":false},"author":2,"featured_media":0,"parent":0,"menu_order":0,"comment_status":"closed","ping_status":"closed","template":"","meta":{"footnotes":""},"class_list":["post-6","page","type-page","status-publish","hentry","entry"],"_links":{"self":[{"href":"https:\/\/e-mappi.fi\/index.php?rest_route=\/wp\/v2\/pages\/6","targetHints":{"allow":["GET"]}}],"collection":[{"href":"https:\/\/e-mappi.fi\/index.php?rest_route=\/wp\/v2\/pages"}],"about":[{"href":"https:\/\/e-mappi.fi\/index.php?rest_route=\/wp\/v2\/types\/page"}],"author":[{"embeddable":true,"href":"https:\/\/e-mappi.fi\/index.php?rest_route=\/wp\/v2\/users\/2"}],"replies":[{"embeddable":true,"href":"https:\/\/e-mappi.fi\/index.php?rest_route=%2Fwp%2Fv2%2Fcomments&post=6"}],"version-history":[{"count":20,"href":"https:\/\/e-mappi.fi\/index.php?rest_route=\/wp\/v2\/pages\/6\/revisions"}],"predecessor-version":[{"id":165,"href":"https:\/\/e-mappi.fi\/index.php?rest_route=\/wp\/v2\/pages\/6\/revisions\/165"}],"wp:attachment":[{"href":"https:\/\/e-mappi.fi\/index.php?rest_route=%2Fwp%2Fv2%2Fmedia&parent=6"}],"curies":[{"name":"wp","href":"https:\/\/api.w.org\/{rel}","templated":true}]}}